{"id":9,"date":"2025-12-11T13:06:32","date_gmt":"2025-12-11T13:06:32","guid":{"rendered":"https:\/\/nouskitap.com.tr\/?page_id=9"},"modified":"2025-12-18T10:39:00","modified_gmt":"2025-12-18T10:39:00","slug":"hakkimizda","status":"publish","type":"page","link":"https:\/\/nouskitap.com.tr\/index.php\/hakkimizda\/","title":{"rendered":"Hakk\u0131m\u0131zda"},"content":{"rendered":"<div class=\"wp-block-image\">\n<figure class=\"alignleft size-full is-resized\"><img decoding=\"async\" width=\"300\" height=\"156\" src=\"https:\/\/nouskitap.com.tr\/wp-content\/uploads\/2025\/12\/logo.png\" alt=\"\" class=\"wp-image-7\" style=\"width:113px;height:auto\"\/><\/figure>\n<\/div>\n\n\n<p style=\"font-size:15px\">\u201cAkl\u0131n yolu \u00e7oktur\u201d ilkesiyle yay\u0131n hayat\u0131na ba\u015flayan Nous Kitap bu \u00e7oklu\u011fu yans\u0131tan g\u00fcncel felsefe ve k\u00fclt\u00fcr kitaplar\u0131yla beraber \u00e7a\u011fda\u015f d\u00fcnyadan se\u00e7kin edebiyat eserlerini \u00f6zenli \u00e7eviriler ve edisyonlarla okurlara sunmay\u0131 ama\u00e7l\u0131yor.&nbsp;<\/p>\n\n\n\n<p style=\"font-size:15px\"><em>Nous&nbsp;<\/em>kavram\u0131 Eski Yunan felsefesinde ba\u015fl\u0131ca \u201cak\u0131l\u201d anlam\u0131na geliyor ve&nbsp;insani ba\u011flamdan kozmik ba\u011flama \u00e7e\u015fitli yollara a\u00e7\u0131l\u0131yor.<\/p>\n\n\n\n<p style=\"font-size:15px\">Nous Kitap bu \u00e7e\u015fitlili\u011fin bilincini ta\u015f\u0131yan, hayata ve d\u00fcnyaya dair s\u00f6z\u00fc olan kitaplar\u0131 sizlerle bulu\u015fturacak.<\/p>\n\n\n\n<p><\/p>\n","protected":false},"excerpt":{"rendered":"","protected":false},"author":1,"featured_media":0,"parent":0,"menu_order":0,"comment_status":"closed","ping_status":"closed","template":"","meta":{"footnotes":""},"class_list":["post-9","page","type-page","status-publish"],"yoast_head":"<!-- This site is optimized with the Yoast SEO plugin v26.6 - https:\/\/yoast.com\/wordpress\/plugins\/seo\/ -->\n<title>Hakk\u0131m\u0131zda - Nous Kitap<\/title>\n<meta name=\"robots\" content=\"index, follow, max-snippet:-1, max-image-preview:large, max-video-preview:-1\" \/>\n<link rel=\"canonical\" href=\"https:\/\/nouskitap.com.tr\/index.php\/hakkimizda\/\" \/>\n<meta property=\"og:locale\" content=\"tr_TR\" \/>\n<meta property=\"og:type\" content=\"article\" \/>\n<meta property=\"og:title\" content=\"Hakk\u0131m\u0131zda - Nous Kitap\" \/>\n<meta property=\"og:url\" content=\"https:\/\/nouskitap.com.tr\/index.php\/hakkimizda\/\" \/>\n<meta property=\"og:site_name\" content=\"Nous Kitap\" \/>\n<meta property=\"article:modified_time\" content=\"2025-12-18T10:39:00+00:00\" \/>\n<meta property=\"og:image\" content=\"https:\/\/nouskitap.com.tr\/wp-content\/uploads\/2025\/12\/logo.png\" \/>\n\t<meta property=\"og:image:width\" content=\"300\" \/>\n\t<meta property=\"og:image:height\" content=\"156\" \/>\n\t<meta property=\"og:image:type\" content=\"image\/png\" \/>\n<meta name=\"twitter:card\" content=\"summary_large_image\" \/>\n<meta name=\"twitter:label1\" content=\"Tahmini okuma s\u00fcresi\" \/>\n\t<meta name=\"twitter:data1\" content=\"1 dakika\" \/>\n<script type=\"application\/ld+json\" class=\"yoast-schema-graph\">{\"@context\":\"https:\/\/schema.org\",\"@graph\":[{\"@type\":\"WebPage\",\"@id\":\"https:\/\/nouskitap.com.tr\/index.php\/hakkimizda\/\",\"url\":\"https:\/\/nouskitap.com.tr\/index.php\/hakkimizda\/\",\"name\":\"Hakk\u0131m\u0131zda - Nous Kitap\",\"isPartOf\":{\"@id\":\"https:\/\/nouskitap.com.tr\/#website\"},\"primaryImageOfPage\":{\"@id\":\"https:\/\/nouskitap.com.tr\/index.php\/hakkimizda\/#primaryimage\"},\"image\":{\"@id\":\"https:\/\/nouskitap.com.tr\/index.php\/hakkimizda\/#primaryimage\"},\"thumbnailUrl\":\"https:\/\/nouskitap.com.tr\/wp-content\/uploads\/2025\/12\/logo.png\",\"datePublished\":\"2025-12-11T13:06:32+00:00\",\"dateModified\":\"2025-12-18T10:39:00+00:00\",\"breadcrumb\":{\"@id\":\"https:\/\/nouskitap.com.tr\/index.php\/hakkimizda\/#breadcrumb\"},\"inLanguage\":\"tr\",\"potentialAction\":[{\"@type\":\"ReadAction\",\"target\":[\"https:\/\/nouskitap.com.tr\/index.php\/hakkimizda\/\"]}]},{\"@type\":\"ImageObject\",\"inLanguage\":\"tr\",\"@id\":\"https:\/\/nouskitap.com.tr\/index.php\/hakkimizda\/#primaryimage\",\"url\":\"https:\/\/nouskitap.com.tr\/wp-content\/uploads\/2025\/12\/logo.png\",\"contentUrl\":\"https:\/\/nouskitap.com.tr\/wp-content\/uploads\/2025\/12\/logo.png\",\"width\":300,\"height\":156},{\"@type\":\"BreadcrumbList\",\"@id\":\"https:\/\/nouskitap.com.tr\/index.php\/hakkimizda\/#breadcrumb\",\"itemListElement\":[{\"@type\":\"ListItem\",\"position\":1,\"name\":\"Anasayfa\",\"item\":\"https:\/\/nouskitap.com.tr\/\"},{\"@type\":\"ListItem\",\"position\":2,\"name\":\"Hakk\u0131m\u0131zda\"}]},{\"@type\":\"WebSite\",\"@id\":\"https:\/\/nouskitap.com.tr\/#website\",\"url\":\"https:\/\/nouskitap.com.tr\/\",\"name\":\"Nous Kitap\",\"description\":\"Akl\u0131n Yolu \u00c7oktur\",\"publisher\":{\"@id\":\"https:\/\/nouskitap.com.tr\/#organization\"},\"potentialAction\":[{\"@type\":\"SearchAction\",\"target\":{\"@type\":\"EntryPoint\",\"urlTemplate\":\"https:\/\/nouskitap.com.tr\/?s={search_term_string}\"},\"query-input\":{\"@type\":\"PropertyValueSpecification\",\"valueRequired\":true,\"valueName\":\"search_term_string\"}}],\"inLanguage\":\"tr\"},{\"@type\":\"Organization\",\"@id\":\"https:\/\/nouskitap.com.tr\/#organization\",\"name\":\"Nous Kitap\",\"url\":\"https:\/\/nouskitap.com.tr\/\",\"logo\":{\"@type\":\"ImageObject\",\"inLanguage\":\"tr\",\"@id\":\"https:\/\/nouskitap.com.tr\/#\/schema\/logo\/image\/\",\"url\":\"https:\/\/nouskitap.com.tr\/wp-content\/uploads\/2025\/12\/cropped-Nous_Logo-siyah-web-scaled-1.jpg\",\"contentUrl\":\"https:\/\/nouskitap.com.tr\/wp-content\/uploads\/2025\/12\/cropped-Nous_Logo-siyah-web-scaled-1.jpg\",\"width\":2558,\"height\":959,\"caption\":\"Nous Kitap\"},\"image\":{\"@id\":\"https:\/\/nouskitap.com.tr\/#\/schema\/logo\/image\/\"}}]}<\/script>\n<!-- \/ Yoast SEO plugin. -->","yoast_head_json":{"title":"Hakk\u0131m\u0131zda - Nous Kitap","robots":{"index":"index","follow":"follow","max-snippet":"max-snippet:-1","max-image-preview":"max-image-preview:large","max-video-preview":"max-video-preview:-1"},"canonical":"https:\/\/nouskitap.com.tr\/index.php\/hakkimizda\/","og_locale":"tr_TR","og_type":"article","og_title":"Hakk\u0131m\u0131zda - Nous Kitap","og_url":"https:\/\/nouskitap.com.tr\/index.php\/hakkimizda\/","og_site_name":"Nous Kitap","article_modified_time":"2025-12-18T10:39:00+00:00","og_image":[{"width":300,"height":156,"url":"https:\/\/nouskitap.com.tr\/wp-content\/uploads\/2025\/12\/logo.png","type":"image\/png"}],"twitter_card":"summary_large_image","twitter_misc":{"Tahmini okuma s\u00fcresi":"1 dakika"},"schema":{"@context":"https:\/\/schema.org","@graph":[{"@type":"WebPage","@id":"https:\/\/nouskitap.com.tr\/index.php\/hakkimizda\/","url":"https:\/\/nouskitap.com.tr\/index.php\/hakkimizda\/","name":"Hakk\u0131m\u0131zda - Nous Kitap","isPartOf":{"@id":"https:\/\/nouskitap.com.tr\/#website"},"primaryImageOfPage":{"@id":"https:\/\/nouskitap.com.tr\/index.php\/hakkimizda\/#primaryimage"},"image":{"@id":"https:\/\/nouskitap.com.tr\/index.php\/hakkimizda\/#primaryimage"},"thumbnailUrl":"https:\/\/nouskitap.com.tr\/wp-content\/uploads\/2025\/12\/logo.png","datePublished":"2025-12-11T13:06:32+00:00","dateModified":"2025-12-18T10:39:00+00:00","breadcrumb":{"@id":"https:\/\/nouskitap.com.tr\/index.php\/hakkimizda\/#breadcrumb"},"inLanguage":"tr","potentialAction":[{"@type":"ReadAction","target":["https:\/\/nouskitap.com.tr\/index.php\/hakkimizda\/"]}]},{"@type":"ImageObject","inLanguage":"tr","@id":"https:\/\/nouskitap.com.tr\/index.php\/hakkimizda\/#primaryimage","url":"https:\/\/nouskitap.com.tr\/wp-content\/uploads\/2025\/12\/logo.png","contentUrl":"https:\/\/nouskitap.com.tr\/wp-content\/uploads\/2025\/12\/logo.png","width":300,"height":156},{"@type":"BreadcrumbList","@id":"https:\/\/nouskitap.com.tr\/index.php\/hakkimizda\/#breadcrumb","itemListElement":[{"@type":"ListItem","position":1,"name":"Anasayfa","item":"https:\/\/nouskitap.com.tr\/"},{"@type":"ListItem","position":2,"name":"Hakk\u0131m\u0131zda"}]},{"@type":"WebSite","@id":"https:\/\/nouskitap.com.tr\/#website","url":"https:\/\/nouskitap.com.tr\/","name":"Nous Kitap","description":"Akl\u0131n Yolu \u00c7oktur","publisher":{"@id":"https:\/\/nouskitap.com.tr\/#organization"},"potentialAction":[{"@type":"SearchAction","target":{"@type":"EntryPoint","urlTemplate":"https:\/\/nouskitap.com.tr\/?s={search_term_string}"},"query-input":{"@type":"PropertyValueSpecification","valueRequired":true,"valueName":"search_term_string"}}],"inLanguage":"tr"},{"@type":"Organization","@id":"https:\/\/nouskitap.com.tr\/#organization","name":"Nous Kitap","url":"https:\/\/nouskitap.com.tr\/","logo":{"@type":"ImageObject","inLanguage":"tr","@id":"https:\/\/nouskitap.com.tr\/#\/schema\/logo\/image\/","url":"https:\/\/nouskitap.com.tr\/wp-content\/uploads\/2025\/12\/cropped-Nous_Logo-siyah-web-scaled-1.jpg","contentUrl":"https:\/\/nouskitap.com.tr\/wp-content\/uploads\/2025\/12\/cropped-Nous_Logo-siyah-web-scaled-1.jpg","width":2558,"height":959,"caption":"Nous Kitap"},"image":{"@id":"https:\/\/nouskitap.com.tr\/#\/schema\/logo\/image\/"}}]}},"_links":{"self":[{"href":"https:\/\/nouskitap.com.tr\/index.php\/wp-json\/wp\/v2\/pages\/9","targetHints":{"allow":["GET"]}}],"collection":[{"href":"https:\/\/nouskitap.com.tr\/index.php\/wp-json\/wp\/v2\/pages"}],"about":[{"href":"https:\/\/nouskitap.com.tr\/index.php\/wp-json\/wp\/v2\/types\/page"}],"author":[{"embeddable":true,"href":"https:\/\/nouskitap.com.tr\/index.php\/wp-json\/wp\/v2\/users\/1"}],"replies":[{"embeddable":true,"href":"https:\/\/nouskitap.com.tr\/index.php\/wp-json\/wp\/v2\/comments?post=9"}],"version-history":[{"count":4,"href":"https:\/\/nouskitap.com.tr\/index.php\/wp-json\/wp\/v2\/pages\/9\/revisions"}],"predecessor-version":[{"id":162,"href":"https:\/\/nouskitap.com.tr\/index.php\/wp-json\/wp\/v2\/pages\/9\/revisions\/162"}],"wp:attachment":[{"href":"https:\/\/nouskitap.com.tr\/index.php\/wp-json\/wp\/v2\/media?parent=9"}],"curies":[{"name":"wp","href":"https:\/\/api.w.org\/{rel}","templated":true}]}}